{"id":36,"date":"2024-06-07T09:21:45","date_gmt":"2024-06-07T09:21:45","guid":{"rendered":"https:\/\/www.epd.net.pl\/?page_id=36"},"modified":"2026-03-24T12:02:49","modified_gmt":"2026-03-24T12:02:49","slug":"home","status":"publish","type":"page","link":"https:\/\/www.epd.net.pl\/","title":{"rendered":"Home"},"content":{"rendered":"\t\t<div data-elementor-type=\"wp-page\" data-elementor-id=\"36\" class=\"elementor elementor-36\">\n\t\t\t\t<div class=\"elementor-element elementor-element-d5cfde3 e-flex e-con-boxed e-con e-parent\" data-id=\"d5cfde3\" data-element_type=\"container\" data-settings=\"{&quot;background_background&quot;:&quot;classic&quot;}\">\n\t\t\t\t\t<div class=\"e-con-inner\">\n\t\t\t\t<div class=\"elementor-element elementor-element-3ecd55be elementor-invisible elementor-widget elementor-widget-heading\" data-id=\"3ecd55be\" data-element_type=\"widget\" data-settings=\"{&quot;_animation&quot;:&quot;fadeIn&quot;}\" data-widget_type=\"heading.default\">\n\t\t\t\t<div class=\"elementor-widget-container\">\n\t\t\t<style>\/*! elementor - v3.22.0 - 24-06-2024 *\/\n.elementor-heading-title{padding:0;margin:0;line-height:1}.elementor-widget-heading .elementor-heading-title[class*=elementor-size-]>a{color:inherit;font-size:inherit;line-height:inherit}.elementor-widget-heading .elementor-heading-title.elementor-size-small{font-size:15px}.elementor-widget-heading .elementor-heading-title.elementor-size-medium{font-size:19px}.elementor-widget-heading .elementor-heading-title.elementor-size-large{font-size:29px}.elementor-widget-heading .elementor-heading-title.elementor-size-xl{font-size:39px}.elementor-widget-heading .elementor-heading-title.elementor-size-xxl{font-size:59px}<\/style><h1 class=\"elementor-heading-title elementor-size-default\">Tw\u00f3j deweloper!<\/h1>\t\t<\/div>\n\t\t\t\t<\/div>\n\t\t\t\t<div class=\"elementor-element elementor-element-32b3f1bc elementor-widget elementor-widget-heading\" data-id=\"32b3f1bc\" data-element_type=\"widget\" data-widget_type=\"heading.default\">\n\t\t\t\t<div class=\"elementor-widget-container\">\n\t\t\t<h5 class=\"elementor-heading-title elementor-size-default\">JU\u017b WKR\u00d3TCE NOWA INWESTYCJA!<br>\nChcesz by\u0107 na bie\u017c\u0105co?<br>Napisz do nas e-mail, a my poinformujemy Ci\u0119 o dodaniu nowej oferty!<\/h5>\t\t<\/div>\n\t\t\t\t<\/div>\n\t\t\t\t\t<\/div>\n\t\t\t\t<\/div>\n\t\t<div class=\"elementor-element elementor-element-76b52626 e-flex e-con-boxed e-con e-parent\" data-id=\"76b52626\" data-element_type=\"container\">\n\t\t\t\t\t<div class=\"e-con-inner\">\n\t\t\t\t<div class=\"elementor-element elementor-element-30e5297 elementor-widget elementor-widget-heading\" data-id=\"30e5297\" data-element_type=\"widget\" data-widget_type=\"heading.default\">\n\t\t\t\t<div class=\"elementor-widget-container\">\n\t\t\t<h2 class=\"elementor-heading-title elementor-size-default\">Nasze zrealizowane inwestycje<\/h2>\t\t<\/div>\n\t\t\t\t<\/div>\n\t\t<div class=\"elementor-element elementor-element-b2d7dbe e-con-full e-flex e-con e-child\" data-id=\"b2d7dbe\" data-element_type=\"container\">\n\t\t\t\t<div class=\"elementor-element elementor-element-43ed2439 elementor-widget-tablet__width-initial elementor-widget-mobile__width-inherit elementor-widget__width-initial elementor-position-top elementor-widget elementor-widget-image-box\" data-id=\"43ed2439\" data-element_type=\"widget\" data-widget_type=\"image-box.default\">\n\t\t\t\t<div class=\"elementor-widget-container\">\n\t\t\t<style>\/*! elementor - v3.22.0 - 24-06-2024 *\/\n.elementor-widget-image-box .elementor-image-box-content{width:100%}@media (min-width:768px){.elementor-widget-image-box.elementor-position-left .elementor-image-box-wrapper,.elementor-widget-image-box.elementor-position-right .elementor-image-box-wrapper{display:flex}.elementor-widget-image-box.elementor-position-right .elementor-image-box-wrapper{text-align:end;flex-direction:row-reverse}.elementor-widget-image-box.elementor-position-left .elementor-image-box-wrapper{text-align:start;flex-direction:row}.elementor-widget-image-box.elementor-position-top .elementor-image-box-img{margin:auto}.elementor-widget-image-box.elementor-vertical-align-top .elementor-image-box-wrapper{align-items:flex-start}.elementor-widget-image-box.elementor-vertical-align-middle .elementor-image-box-wrapper{align-items:center}.elementor-widget-image-box.elementor-vertical-align-bottom .elementor-image-box-wrapper{align-items:flex-end}}@media (max-width:767px){.elementor-widget-image-box .elementor-image-box-img{margin-left:auto!important;margin-right:auto!important;margin-bottom:15px}}.elementor-widget-image-box .elementor-image-box-img{display:inline-block}.elementor-widget-image-box .elementor-image-box-title a{color:inherit}.elementor-widget-image-box .elementor-image-box-wrapper{text-align:center}.elementor-widget-image-box .elementor-image-box-description{margin:0}<\/style><div class=\"elementor-image-box-wrapper\"><figure class=\"elementor-image-box-img\"><img fetchpriority=\"high\" decoding=\"async\" width=\"650\" height=\"492\" src=\"https:\/\/www.epd.net.pl\/wp-content\/uploads\/2024\/06\/20120531_121530.jpg\" class=\"elementor-animation-grow attachment-medium_large size-medium_large wp-image-111\" alt=\"\" srcset=\"https:\/\/www.epd.net.pl\/wp-content\/uploads\/2024\/06\/20120531_121530.jpg 650w, https:\/\/www.epd.net.pl\/wp-content\/uploads\/2024\/06\/20120531_121530-300x227.jpg 300w\" sizes=\"(max-width: 650px) 100vw, 650px\" \/><\/figure><div class=\"elementor-image-box-content\"><h4 class=\"elementor-image-box-title\">BUDYNEK NR 1 - UL. STRA\u017bACKA<\/h4><p class=\"elementor-image-box-description\">Blok wielorodzinny<\/p><\/div><\/div>\t\t<\/div>\n\t\t\t\t<\/div>\n\t\t\t\t<div class=\"elementor-element elementor-element-3afe9b04 elementor-widget-tablet__width-initial elementor-widget-mobile__width-inherit elementor-widget__width-initial elementor-position-top elementor-widget elementor-widget-image-box\" data-id=\"3afe9b04\" data-element_type=\"widget\" data-widget_type=\"image-box.default\">\n\t\t\t\t<div class=\"elementor-widget-container\">\n\t\t\t<div class=\"elementor-image-box-wrapper\"><figure class=\"elementor-image-box-img\"><img decoding=\"async\" width=\"650\" height=\"365\" src=\"https:\/\/www.epd.net.pl\/wp-content\/uploads\/2024\/06\/DSC03222.jpeg\" class=\"elementor-animation-grow attachment-medium_large size-medium_large wp-image-110\" alt=\"\" srcset=\"https:\/\/www.epd.net.pl\/wp-content\/uploads\/2024\/06\/DSC03222.jpeg 650w, https:\/\/www.epd.net.pl\/wp-content\/uploads\/2024\/06\/DSC03222-300x168.jpeg 300w\" sizes=\"(max-width: 650px) 100vw, 650px\" \/><\/figure><div class=\"elementor-image-box-content\"><h4 class=\"elementor-image-box-title\">BUDYNEK NR 2 - UL. STRA\u017bACKA<\/h4><p class=\"elementor-image-box-description\">Blok wielorodzinny<\/p><\/div><\/div>\t\t<\/div>\n\t\t\t\t<\/div>\n\t\t\t\t<div class=\"elementor-element elementor-element-4013ea92 elementor-widget-tablet__width-initial elementor-widget-mobile__width-inherit elementor-widget__width-initial elementor-position-top elementor-widget elementor-widget-image-box\" data-id=\"4013ea92\" data-element_type=\"widget\" data-widget_type=\"image-box.default\">\n\t\t\t\t<div class=\"elementor-widget-container\">\n\t\t\t<div class=\"elementor-image-box-wrapper\"><figure class=\"elementor-image-box-img\"><img decoding=\"async\" width=\"650\" height=\"365\" src=\"https:\/\/www.epd.net.pl\/wp-content\/uploads\/2024\/06\/Ostatnie-mieszkania-o-pow.-62.20-m2-i-6625-m2-strych-o-pow.-ok.jpg\" class=\"elementor-animation-grow attachment-full size-full wp-image-109\" alt=\"\" srcset=\"https:\/\/www.epd.net.pl\/wp-content\/uploads\/2024\/06\/Ostatnie-mieszkania-o-pow.-62.20-m2-i-6625-m2-strych-o-pow.-ok.jpg 650w, https:\/\/www.epd.net.pl\/wp-content\/uploads\/2024\/06\/Ostatnie-mieszkania-o-pow.-62.20-m2-i-6625-m2-strych-o-pow.-ok-300x168.jpg 300w\" sizes=\"(max-width: 650px) 100vw, 650px\" \/><\/figure><div class=\"elementor-image-box-content\"><h4 class=\"elementor-image-box-title\">bUDYNEK NR 3 I 4 - UL. STRA\u017bACKA<\/h4><p class=\"elementor-image-box-description\">Bloki wielorodzinne<\/p><\/div><\/div>\t\t<\/div>\n\t\t\t\t<\/div>\n\t\t\t\t<div class=\"elementor-element elementor-element-580d492f elementor-widget-tablet__width-initial elementor-widget-mobile__width-inherit elementor-widget__width-initial elementor-position-top elementor-widget elementor-widget-image-box\" data-id=\"580d492f\" data-element_type=\"widget\" data-widget_type=\"image-box.default\">\n\t\t\t\t<div class=\"elementor-widget-container\">\n\t\t\t<div class=\"elementor-image-box-wrapper\"><figure class=\"elementor-image-box-img\"><img loading=\"lazy\" decoding=\"async\" width=\"365\" height=\"205\" src=\"https:\/\/www.epd.net.pl\/wp-content\/uploads\/2024\/06\/b5.jpg\" class=\"elementor-animation-grow attachment-full size-full wp-image-108\" alt=\"\" srcset=\"https:\/\/www.epd.net.pl\/wp-content\/uploads\/2024\/06\/b5.jpg 365w, https:\/\/www.epd.net.pl\/wp-content\/uploads\/2024\/06\/b5-300x168.jpg 300w\" sizes=\"(max-width: 365px) 100vw, 365px\" \/><\/figure><div class=\"elementor-image-box-content\"><h4 class=\"elementor-image-box-title\"><span style=\"color: var( --e-global-color-primary ); font-family: var( --e-global-typography-392b9e0-font-family ), Sans-serif; font-size: var( --e-global-typography-392b9e0-font-size ); font-weight: var( --e-global-typography-392b9e0-font-weight ); text-transform: var( --e-global-typography-392b9e0-text-transform ); background-color: var( --e-global-color-c696dce );\">BUDYNEK NR 5 - UL. STRA\u017bACKA<\/span><\/h4><p class=\"elementor-image-box-description\">Blok wielorodzinny z lokalem handlowo-us\u0142ugowym na parterze.<\/p><\/div><\/div>\t\t<\/div>\n\t\t\t\t<\/div>\n\t\t\t\t<\/div>\n\t\t<div class=\"elementor-element elementor-element-0c88eb5 e-con-full e-flex e-con e-child\" data-id=\"0c88eb5\" data-element_type=\"container\">\n\t\t\t\t<div class=\"elementor-element elementor-element-072382b elementor-widget-tablet__width-initial elementor-widget-mobile__width-inherit elementor-widget__width-initial elementor-position-top elementor-widget elementor-widget-image-box\" data-id=\"072382b\" data-element_type=\"widget\" data-widget_type=\"image-box.default\">\n\t\t\t\t<div class=\"elementor-widget-container\">\n\t\t\t<div class=\"elementor-image-box-wrapper\"><figure class=\"elementor-image-box-img\"><img loading=\"lazy\" decoding=\"async\" width=\"650\" height=\"365\" src=\"https:\/\/www.epd.net.pl\/wp-content\/uploads\/2024\/06\/DSC03190.jpeg\" class=\"elementor-animation-grow attachment-medium_large size-medium_large wp-image-107\" alt=\"\" srcset=\"https:\/\/www.epd.net.pl\/wp-content\/uploads\/2024\/06\/DSC03190.jpeg 650w, https:\/\/www.epd.net.pl\/wp-content\/uploads\/2024\/06\/DSC03190-300x168.jpeg 300w\" sizes=\"(max-width: 650px) 100vw, 650px\" \/><\/figure><div class=\"elementor-image-box-content\"><h4 class=\"elementor-image-box-title\">BUDYNEK NR 6 i 7- UL. STRA\u017bACKA<\/h4><p class=\"elementor-image-box-description\">Bloki wielorodzinne<\/p><\/div><\/div>\t\t<\/div>\n\t\t\t\t<\/div>\n\t\t\t\t<div class=\"elementor-element elementor-element-57a850b elementor-widget-tablet__width-initial elementor-widget-mobile__width-inherit elementor-widget__width-initial elementor-position-top elementor-widget elementor-widget-image-box\" data-id=\"57a850b\" data-element_type=\"widget\" data-widget_type=\"image-box.default\">\n\t\t\t\t<div class=\"elementor-widget-container\">\n\t\t\t<div class=\"elementor-image-box-wrapper\"><figure class=\"elementor-image-box-img\"><img loading=\"lazy\" decoding=\"async\" width=\"365\" height=\"205\" src=\"https:\/\/www.epd.net.pl\/wp-content\/uploads\/2024\/06\/piaskowa-szeregowki.jpg\" class=\"elementor-animation-grow attachment-medium_large size-medium_large wp-image-106\" alt=\"\" srcset=\"https:\/\/www.epd.net.pl\/wp-content\/uploads\/2024\/06\/piaskowa-szeregowki.jpg 365w, https:\/\/www.epd.net.pl\/wp-content\/uploads\/2024\/06\/piaskowa-szeregowki-300x168.jpg 300w\" sizes=\"(max-width: 365px) 100vw, 365px\" \/><\/figure><div class=\"elementor-image-box-content\"><h4 class=\"elementor-image-box-title\">BUDYNKI W ZABUDOWIE SZEREGOWEJ - UL. pIASKOWA<\/h4><p class=\"elementor-image-box-description\">10 budynk\u00f3w jednorodzinnych w zabudowie szeregowej<\/p><\/div><\/div>\t\t<\/div>\n\t\t\t\t<\/div>\n\t\t\t\t<div class=\"elementor-element elementor-element-d8ca711 elementor-widget-tablet__width-initial elementor-widget-mobile__width-inherit elementor-widget__width-initial elementor-position-top elementor-widget elementor-widget-image-box\" data-id=\"d8ca711\" data-element_type=\"widget\" data-widget_type=\"image-box.default\">\n\t\t\t\t<div class=\"elementor-widget-container\">\n\t\t\t<div class=\"elementor-image-box-wrapper\"><figure class=\"elementor-image-box-img\"><img decoding=\"async\" width=\"650\" height=\"365\" src=\"https:\/\/www.epd.net.pl\/wp-content\/uploads\/2024\/06\/Ostatnie-mieszkania-o-pow.-62.20-m2-i-6625-m2-strych-o-pow.-ok.jpg\" class=\"elementor-animation-grow attachment-full size-full wp-image-109\" alt=\"\" srcset=\"https:\/\/www.epd.net.pl\/wp-content\/uploads\/2024\/06\/Ostatnie-mieszkania-o-pow.-62.20-m2-i-6625-m2-strych-o-pow.-ok.jpg 650w, https:\/\/www.epd.net.pl\/wp-content\/uploads\/2024\/06\/Ostatnie-mieszkania-o-pow.-62.20-m2-i-6625-m2-strych-o-pow.-ok-300x168.jpg 300w\" sizes=\"(max-width: 650px) 100vw, 650px\" \/><\/figure><div class=\"elementor-image-box-content\"><h4 class=\"elementor-image-box-title\">MIESZKANIA W BUDYNKACH JEDNORODZINNYCH<\/h4><p class=\"elementor-image-box-description\">12 mieszka\u0144 w 6 budynkach jednorodzinnych w zabudowie szeregowej<\/p><\/div><\/div>\t\t<\/div>\n\t\t\t\t<\/div>\n\t\t\t\t<div class=\"elementor-element elementor-element-99e0542 elementor-widget-tablet__width-initial elementor-widget-mobile__width-inherit elementor-widget__width-initial elementor-position-top elementor-widget elementor-widget-image-box\" data-id=\"99e0542\" data-element_type=\"widget\" data-widget_type=\"image-box.default\">\n\t\t\t\t<div class=\"elementor-widget-container\">\n\t\t\t<div class=\"elementor-image-box-wrapper\"><figure class=\"elementor-image-box-img\"><img loading=\"lazy\" decoding=\"async\" width=\"365\" height=\"205\" src=\"https:\/\/www.epd.net.pl\/wp-content\/uploads\/2024\/06\/b5.jpg\" class=\"elementor-animation-grow attachment-full size-full wp-image-108\" alt=\"\" srcset=\"https:\/\/www.epd.net.pl\/wp-content\/uploads\/2024\/06\/b5.jpg 365w, https:\/\/www.epd.net.pl\/wp-content\/uploads\/2024\/06\/b5-300x168.jpg 300w\" sizes=\"(max-width: 365px) 100vw, 365px\" \/><\/figure><div class=\"elementor-image-box-content\"><h4 class=\"elementor-image-box-title\"><span style=\"color: var( --e-global-color-primary ); font-family: var( --e-global-typography-392b9e0-font-family ), Sans-serif; font-size: var( --e-global-typography-392b9e0-font-size ); font-weight: var( --e-global-typography-392b9e0-font-weight ); text-transform: var( --e-global-typography-392b9e0-text-transform ); background-color: var( --e-global-color-c696dce );\">BUDYNEK wIELORODZINNY - UL. pIGONIA<\/span><\/h4><p class=\"elementor-image-box-description\">Blok wielorodzinny z lokalem handlowo-us\u0142ugowym na parterze.<\/p><\/div><\/div>\t\t<\/div>\n\t\t\t\t<\/div>\n\t\t\t\t<\/div>\n\t\t\t\t<div class=\"elementor-element elementor-element-33e86e03 elementor-align-center elementor-widget__width-inherit elementor-invisible elementor-widget elementor-widget-button\" data-id=\"33e86e03\" data-element_type=\"widget\" data-settings=\"{&quot;_animation&quot;:&quot;fadeInDown&quot;}\" data-widget_type=\"button.default\">\n\t\t\t\t<div class=\"elementor-widget-container\">\n\t\t\t\t\t<div class=\"elementor-button-wrapper\">\n\t\t\t<a class=\"elementor-button elementor-button-link elementor-size-sm\" href=\"https:\/\/www.epd.net.pl\/?page_id=31\">\n\t\t\t\t\t\t<span class=\"elementor-button-content-wrapper\">\n\t\t\t\t\t\t\t\t\t<span class=\"elementor-button-text\">zOBACZ WI\u0118CEJ<\/span>\n\t\t\t\t\t<\/span>\n\t\t\t\t\t<\/a>\n\t\t<\/div>\n\t\t\t\t<\/div>\n\t\t\t\t<\/div>\n\t\t\t\t\t<\/div>\n\t\t\t\t<\/div>\n\t\t<div class=\"elementor-element elementor-element-4c3cac6b e-flex e-con-boxed e-con e-parent\" data-id=\"4c3cac6b\" data-element_type=\"container\">\n\t\t\t\t\t<div class=\"e-con-inner\">\n\t\t<div class=\"elementor-element elementor-element-34530233 e-con-full e-flex e-con e-child\" data-id=\"34530233\" data-element_type=\"container\" data-settings=\"{&quot;background_background&quot;:&quot;classic&quot;}\">\n\t\t\t\t<\/div>\n\t\t<div class=\"elementor-element elementor-element-38737bf9 e-con-full e-flex e-con e-child\" data-id=\"38737bf9\" data-element_type=\"container\">\n\t\t\t\t<div class=\"elementor-element elementor-element-4fa4a666 elementor-widget elementor-widget-heading\" data-id=\"4fa4a666\" data-element_type=\"widget\" data-widget_type=\"heading.default\">\n\t\t\t\t<div class=\"elementor-widget-container\">\n\t\t\t<h2 class=\"elementor-heading-title elementor-size-default\">KONTAKT<\/h2>\t\t<\/div>\n\t\t\t\t<\/div>\n\t\t\t\t<div class=\"elementor-element elementor-element-3e691c69 elementor-widget elementor-widget-text-editor\" data-id=\"3e691c69\" data-element_type=\"widget\" data-widget_type=\"text-editor.default\">\n\t\t\t\t<div class=\"elementor-widget-container\">\n\t\t\t<style>\/*! elementor - v3.22.0 - 24-06-2024 *\/\n.elementor-widget-text-editor.elementor-drop-cap-view-stacked .elementor-drop-cap{background-color:#69727d;color:#fff}.elementor-widget-text-editor.elementor-drop-cap-view-framed .elementor-drop-cap{color:#69727d;border:3px solid;background-color:transparent}.elementor-widget-text-editor:not(.elementor-drop-cap-view-default) .elementor-drop-cap{margin-top:8px}.elementor-widget-text-editor:not(.elementor-drop-cap-view-default) .elementor-drop-cap-letter{width:1em;height:1em}.elementor-widget-text-editor .elementor-drop-cap{float:left;text-align:center;line-height:1;font-size:50px}.elementor-widget-text-editor .elementor-drop-cap-letter{display:inline-block}<\/style>\t\t\t\t<p><span style=\"font-weight: bold; white-space-collapse: preserve;\">Euro Projekt Development<\/span> <br style=\"white-space-collapse: preserve;\"><span style=\"white-space-collapse: preserve;\">ul. Leszka Czarnego 5<\/span><br style=\"white-space-collapse: preserve;\"><span style=\"white-space-collapse: preserve;\">35-615 Rzesz\u00f3w <\/span><\/p>\n<p><span style=\"font-weight: bold; white-space-collapse: preserve;\">Tel: <\/span><span style=\"white-space-collapse: preserve;\"> 609 128 822<br>\n<\/span><span style=\"font-style: inherit; color: var( --e-global-color-text ); font-family: var( --e-global-typography-text-font-family ), Sans-serif; letter-spacing: var( --e-global-typography-text-letter-spacing ); text-transform: var( --e-global-typography-text-text-transform ); background-color: var( --e-global-color-c696dce ); font-weight: bold; white-space-collapse: preserve;\">E-mail:<\/span><span style=\"font-style: inherit; font-weight: inherit; color: var( --e-global-color-text ); font-family: var( --e-global-typography-text-font-family ), Sans-serif; letter-spacing: var( --e-global-typography-text-letter-spacing ); text-transform: var( --e-global-typography-text-text-transform ); background-color: var( --e-global-color-c696dce ); white-space-collapse: preserve;\"> marcin@epd.net.pl<\/span><\/p>\t\t\t\t\t\t<\/div>\n\t\t\t\t<\/div>\n\t\t\t\t<\/div>\n\t\t\t\t\t<\/div>\n\t\t\t\t<\/div>\n\t\t\t\t<\/div>\n\t\t","protected":false},"excerpt":{"rendered":"<p>Tw\u00f3j deweloper! JU\u017b WKR\u00d3TCE NOWA INWESTYCJA! Chcesz by\u0107 na bie\u017c\u0105co?Napisz do nas e-mail, a my poinformujemy Ci\u0119 o dodaniu nowej [&hellip;]<\/p>\n","protected":false},"author":1,"featured_media":41,"parent":0,"menu_order":0,"comment_status":"closed","ping_status":"closed","template":"elementor_header_footer","meta":{"site-sidebar-layout":"default","site-content-layout":"","ast-site-content-layout":"default","site-content-style":"default","site-sidebar-style":"default","ast-global-header-display":"","ast-banner-title-visibility":"","ast-main-header-display":"","ast-hfb-above-header-display":"","ast-hfb-below-header-display":"","ast-hfb-mobile-header-display":"","site-post-title":"","ast-breadcrumbs-content":"","ast-featured-img":"","footer-sml-layout":"","theme-transparent-header-meta":"","adv-header-id-meta":"","stick-header-meta":"","header-above-stick-meta":"","header-main-stick-meta":"","header-below-stick-meta":"","astra-migrate-meta-layouts":"default","ast-page-background-enabled":"default","ast-page-background-meta":{"desktop":{"background-color":"var(--ast-global-color-4)","background-image":"","background-repeat":"repeat","background-position":"center center","background-size":"auto","background-attachment":"scroll","background-type":"","background-media":"","overlay-type":"","overlay-color":"","overlay-opacity":"","overlay-gradient":""},"tablet":{"background-color":"","background-image":"","background-repeat":"repeat","background-position":"center center","background-size":"auto","background-attachment":"scroll","background-type":"","background-media":"","overlay-type":"","overlay-color":"","overlay-opacity":"","overlay-gradient":""},"mobile":{"background-color":"","background-image":"","background-repeat":"repeat","background-position":"center center","background-size":"auto","background-attachment":"scroll","background-type":"","background-media":"","overlay-type":"","overlay-color":"","overlay-opacity":"","overlay-gradient":""}},"ast-content-background-meta":{"desktop":{"background-color":"var(--ast-global-color-5)","background-image":"","background-repeat":"repeat","background-position":"center center","background-size":"auto","background-attachment":"scroll","background-type":"","background-media":"","overlay-type":"","overlay-color":"","overlay-opacity":"","overlay-gradient":""},"tablet":{"background-color":"var(--ast-global-color-5)","background-image":"","background-repeat":"repeat","background-position":"center center","background-size":"auto","background-attachment":"scroll","background-type":"","background-media":"","overlay-type":"","overlay-color":"","overlay-opacity":"","overlay-gradient":""},"mobile":{"background-color":"var(--ast-global-color-5)","background-image":"","background-repeat":"repeat","background-position":"center center","background-size":"auto","background-attachment":"scroll","background-type":"","background-media":"","overlay-type":"","overlay-color":"","overlay-opacity":"","overlay-gradient":""}},"footnotes":""},"_links":{"self":[{"href":"https:\/\/www.epd.net.pl\/index.php?rest_route=\/wp\/v2\/pages\/36"}],"collection":[{"href":"https:\/\/www.epd.net.pl\/index.php?rest_route=\/wp\/v2\/pages"}],"about":[{"href":"https:\/\/www.epd.net.pl\/index.php?rest_route=\/wp\/v2\/types\/page"}],"author":[{"embeddable":true,"href":"https:\/\/www.epd.net.pl\/index.php?rest_route=\/wp\/v2\/users\/1"}],"replies":[{"embeddable":true,"href":"https:\/\/www.epd.net.pl\/index.php?rest_route=%2Fwp%2Fv2%2Fcomments&post=36"}],"version-history":[{"count":25,"href":"https:\/\/www.epd.net.pl\/index.php?rest_route=\/wp\/v2\/pages\/36\/revisions"}],"predecessor-version":[{"id":161,"href":"https:\/\/www.epd.net.pl\/index.php?rest_route=\/wp\/v2\/pages\/36\/revisions\/161"}],"wp:featuredmedia":[{"embeddable":true,"href":"https:\/\/www.epd.net.pl\/index.php?rest_route=\/wp\/v2\/media\/41"}],"wp:attachment":[{"href":"https:\/\/www.epd.net.pl\/index.php?rest_route=%2Fwp%2Fv2%2Fmedia&parent=36"}],"curies":[{"name":"wp","href":"https:\/\/api.w.org\/{rel}","templated":true}]}}